{"id":613,"date":"2018-11-26T12:45:27","date_gmt":"2018-11-26T12:45:27","guid":{"rendered":"http:\/\/lumiereballet.com\/?page_id=613"},"modified":"2025-08-12T18:01:18","modified_gmt":"2025-08-12T22:01:18","slug":"home-2","status":"publish","type":"page","link":"https:\/\/lumiereballet.com\/","title":{"rendered":"Home"},"content":{"rendered":"\t\t<div data-elementor-type=\"wp-post\" data-elementor-id=\"613\" class=\"elementor elementor-613\" data-elementor-post-type=\"page\">\n\t\t\t\t\t\t<section class=\"elementor-section elementor-top-section elementor-element elementor-element-567911d elementor-section-content-middle elementor-section-boxed elementor-section-height-default elementor-section-height-default\" data-id=\"567911d\" data-element_type=\"section\" data-settings=\"{&quot;background_background&quot;:&quot;classic&quot;}\">\n\t\t\t\t\t\t\t<div class=\"elementor-background-overlay\"><\/div>\n\t\t\t\t\t\t\t<div class=\"elementor-container elementor-column-gap-no\">\n\t\t\t\t\t<div class=\"elementor-column elementor-col-100 elementor-top-column elementor-element elementor-element-b3743c8\" data-id=\"b3743c8\" data-element_type=\"column\">\n\t\t\t<div class=\"elementor-widget-wrap elementor-element-populated\">\n\t\t\t\t\t\t<div class=\"elementor-element elementor-element-0cfef53 elementor-widget elementor-widget-heading\" data-id=\"0cfef53\" data-element_type=\"widget\" data-widget_type=\"heading.default\">\n\t\t\t\t<div class=\"elementor-widget-container\">\n\t\t\t<h5 class=\"elementor-heading-title elementor-size-medium\">Welcome To<\/h5>\t\t<\/div>\n\t\t\t\t<\/div>\n\t\t\t\t<div class=\"elementor-element elementor-element-82092e7 elementor-widget elementor-widget-heading\" data-id=\"82092e7\" data-element_type=\"widget\" data-widget_type=\"heading.default\">\n\t\t\t\t<div class=\"elementor-widget-container\">\n\t\t\t<h1 class=\"elementor-heading-title elementor-size-default\">Lumiere Ballet\n<\/h1>\t\t<\/div>\n\t\t\t\t<\/div>\n\t\t\t\t<div class=\"elementor-element elementor-element-9a19289 elementor-widget elementor-widget-heading\" data-id=\"9a19289\" data-element_type=\"widget\" data-widget_type=\"heading.default\">\n\t\t\t\t<div class=\"elementor-widget-container\">\n\t\t\t<h2 class=\"elementor-heading-title elementor-size-default\">500 W Montauk Hwy, Bay Shore NY 11706<\/h2>\t\t<\/div>\n\t\t\t\t<\/div>\n\t\t\t\t<div class=\"elementor-element elementor-element-1bbaf54 elementor-widget elementor-widget-heading\" data-id=\"1bbaf54\" data-element_type=\"widget\" data-widget_type=\"heading.default\">\n\t\t\t\t<div class=\"elementor-widget-container\">\n\t\t\t<h2 class=\"elementor-heading-title elementor-size-default\"><a href=\"tel:16312755990\">(631)275-5990<\/a><\/h2>\t\t<\/div>\n\t\t\t\t<\/div>\n\t\t\t\t<div class=\"elementor-element elementor-element-f1f059f elementor-align-center elementor-widget elementor-widget-button\" data-id=\"f1f059f\" data-element_type=\"widget\" data-widget_type=\"button.default\">\n\t\t\t\t<div class=\"elementor-widget-container\">\n\t\t\t\t\t<div class=\"elementor-button-wrapper\">\n\t\t\t<a class=\"elementor-button elementor-button-link elementor-size-sm\" href=\"https:\/\/lumiereballet.com\/?page_id=632\">\n\t\t\t\t\t\t<span class=\"elementor-button-content-wrapper\">\n\t\t\t\t\t\t\t\t\t<span class=\"elementor-button-text\">Learn More<\/span>\n\t\t\t\t\t<\/span>\n\t\t\t\t\t<\/a>\n\t\t<\/div>\n\t\t\t\t<\/div>\n\t\t\t\t<\/div>\n\t\t\t\t<div class=\"elementor-element elementor-element-d8cdfc8 elementor-align-center elementor-widget elementor-widget-button\" data-id=\"d8cdfc8\" data-element_type=\"widget\" data-widget_type=\"button.default\">\n\t\t\t\t<div class=\"elementor-widget-container\">\n\t\t\t\t\t<div class=\"elementor-button-wrapper\">\n\t\t\t<a class=\"elementor-button elementor-button-link elementor-size-sm\" href=\"https:\/\/lumiereballet.com\/?page_id=633\">\n\t\t\t\t\t\t<span class=\"elementor-button-content-wrapper\">\n\t\t\t\t\t\t\t\t\t<span class=\"elementor-button-text\">SIGN UP<\/span>\n\t\t\t\t\t<\/span>\n\t\t\t\t\t<\/a>\n\t\t<\/div>\n\t\t\t\t<\/div>\n\t\t\t\t<\/div>\n\t\t\t\t<div class=\"elementor-element elementor-element-e2e8508 elementor-align-center elementor-widget elementor-widget-button\" data-id=\"e2e8508\" data-element_type=\"widget\" data-widget_type=\"button.default\">\n\t\t\t\t<div class=\"elementor-widget-container\">\n\t\t\t\t\t<div class=\"elementor-button-wrapper\">\n\t\t\t<a class=\"elementor-button elementor-button-link elementor-size-sm\" href=\"https:\/\/www.paypal.com\/donate?hosted_button_id=ADHF3LR2Z734U\">\n\t\t\t\t\t\t<span class=\"elementor-button-content-wrapper\">\n\t\t\t\t\t\t\t\t\t<span class=\"elementor-button-text\">DONATE<\/span>\n\t\t\t\t\t<\/span>\n\t\t\t\t\t<\/a>\n\t\t<\/div>\n\t\t\t\t<\/div>\n\t\t\t\t<\/div>\n\t\t\t\t<div class=\"elementor-element elementor-element-e2fa0d5 elementor-view-default elementor-widget elementor-widget-icon\" data-id=\"e2fa0d5\" data-element_type=\"widget\" data-widget_type=\"icon.default\">\n\t\t\t\t<div class=\"elementor-widget-container\">\n\t\t\t\t\t<div class=\"elementor-icon-wrapper\">\n\t\t\t<div class=\"elementor-icon\">\n\t\t\t<i aria-hidden=\"true\" class=\"fas fa-star\"><\/i>\t\t\t<\/div>\n\t\t<\/div>\n\t\t\t\t<\/div>\n\t\t\t\t<\/div>\n\t\t\t\t\t<\/div>\n\t\t<\/div>\n\t\t\t\t\t<\/div>\n\t\t<\/section>\n\t\t\t\t<section class=\"elementor-section elementor-top-section elementor-element elementor-element-72897bd elementor-section-content-middle elementor-section-boxed elementor-section-height-default elementor-section-height-default\" data-id=\"72897bd\" data-element_type=\"section\">\n\t\t\t\t\t\t<div class=\"elementor-container elementor-column-gap-no\">\n\t\t\t\t\t<div class=\"elementor-column elementor-col-100 elementor-top-column elementor-element elementor-element-7199241\" data-id=\"7199241\" data-element_type=\"column\">\n\t\t\t<div class=\"elementor-widget-wrap elementor-element-populated\">\n\t\t\t\t\t\t<div class=\"elementor-element elementor-element-2a8eb2a elementor-widget elementor-widget-heading\" data-id=\"2a8eb2a\" data-element_type=\"widget\" data-widget_type=\"heading.default\">\n\t\t\t\t<div class=\"elementor-widget-container\">\n\t\t\t<h3 class=\"elementor-heading-title elementor-size-default\">Celebrating 30 years                                                      Lumiere Ballet is a Classical Ballet Training Program and Performing Company.<br>Students from ages 4 to adult follow a graded curriculum    <br>                                     \nOUR MISSION is \nto empower students physically, mentally and soulfully, blending discipline with a deeper expressive essence of dance.<br>\n\n\n<\/h3>\t\t<\/div>\n\t\t\t\t<\/div>\n\t\t\t\t<div class=\"elementor-element elementor-element-0b1b608 elementor-align-center elementor-widget elementor-widget-button\" data-id=\"0b1b608\" data-element_type=\"widget\" data-widget_type=\"button.default\">\n\t\t\t\t<div class=\"elementor-widget-container\">\n\t\t\t\t\t<div class=\"elementor-button-wrapper\">\n\t\t\t<a class=\"elementor-button elementor-button-link elementor-size-sm\" href=\"http:\/\/lumiereballet.com\/?page_id=632\">\n\t\t\t\t\t\t<span class=\"elementor-button-content-wrapper\">\n\t\t\t\t\t\t\t\t\t<span class=\"elementor-button-text\">Learn More<\/span>\n\t\t\t\t\t<\/span>\n\t\t\t\t\t<\/a>\n\t\t<\/div>\n\t\t\t\t<\/div>\n\t\t\t\t<\/div>\n\t\t\t\t\t<\/div>\n\t\t<\/div>\n\t\t\t\t\t<\/div>\n\t\t<\/section>\n\t\t\t\t<section class=\"elementor-section elementor-top-section elementor-element elementor-element-22d294b elementor-section-boxed elementor-section-height-default elementor-section-height-default\" data-id=\"22d294b\" data-element_type=\"section\">\n\t\t\t\t\t\t<div class=\"elementor-container elementor-column-gap-default\">\n\t\t\t\t\t<div class=\"elementor-column elementor-col-33 elementor-top-column elementor-element elementor-element-ef2c118\" data-id=\"ef2c118\" data-element_type=\"column\">\n\t\t\t<div class=\"elementor-widget-wrap elementor-element-populated\">\n\t\t\t\t\t\t<div class=\"elementor-element elementor-element-ef74966 elementor-widget__width-initial elementor-widget elementor-widget-text-editor\" data-id=\"ef74966\" data-element_type=\"widget\" data-widget_type=\"text-editor.default\">\n\t\t\t\t<div class=\"elementor-widget-container\">\n\t\t\t\t\t\t\t<h4>\u00a0<\/h4><h4>Located in Bay Shore, Long Island, New York, Lumiere Ballet offers classes to Long Island&#8217;s Suffolk and Nassau communities and offers public performances on prestigious stages to a wide range of audiences.\u00a0<\/h4><h5>REGISTRATION IS BY APPOINTMENT<\/h5><h5>for information call 631-275-5990<\/h5>\t\t\t\t\t\t<\/div>\n\t\t\t\t<\/div>\n\t\t\t\t\t<\/div>\n\t\t<\/div>\n\t\t\t\t<div class=\"elementor-column elementor-col-66 elementor-top-column elementor-element elementor-element-0b94e8f\" data-id=\"0b94e8f\" data-element_type=\"column\">\n\t\t\t<div class=\"elementor-widget-wrap\">\n\t\t\t\t\t\t\t<\/div>\n\t\t<\/div>\n\t\t\t\t\t<\/div>\n\t\t<\/section>\n\t\t\t\t<section class=\"elementor-section elementor-top-section elementor-element elementor-element-4f86226 elementor-section-boxed elementor-section-height-default elementor-section-height-default\" data-id=\"4f86226\" data-element_type=\"section\">\n\t\t\t\t\t\t<div class=\"elementor-container elementor-column-gap-default\">\n\t\t\t\t\t<div class=\"elementor-column elementor-col-100 elementor-top-column elementor-element elementor-element-a6ed7b7\" data-id=\"a6ed7b7\" data-element_type=\"column\">\n\t\t\t<div class=\"elementor-widget-wrap elementor-element-populated\">\n\t\t\t\t\t\t<div class=\"elementor-element elementor-element-7f0a92b elementor-widget elementor-widget-text-editor\" data-id=\"7f0a92b\" data-element_type=\"widget\" data-widget_type=\"text-editor.default\">\n\t\t\t\t<div class=\"elementor-widget-container\">\n\t\t\t\t\t\t\t<h4>Classes are taught by Founders\/Artistic Directors\/Master Teachers, Venti Petrov and Svetlana Caton<\/h4>\t\t\t\t\t\t<\/div>\n\t\t\t\t<\/div>\n\t\t\t\t<div class=\"elementor-element elementor-element-c252055 elementor-widget elementor-widget-text-editor\" data-id=\"c252055\" data-element_type=\"widget\" data-widget_type=\"text-editor.default\">\n\t\t\t\t<div class=\"elementor-widget-container\">\n\t\t\t\t\t\t\t<h5>SVETLANA CATON is a professional ballerina, teacher, choreographer, and costume designer. She trained under Lydia Pavlova of the Maryinsky Theater and has been offered scholarships to study ballet at the Paris Opera Ballet School and with the legendary Olga Preobrajenskaya.\u00a0<\/h5><h5>Her performance credits include Th\u00e9\u00e2tre Royal de Li\u00e8ge (Belgium), Fedicheva Ballet, and Madison Ballet.<\/h5><h5>She has taught and coached at Orlando Ballet, USDAN Center for the Performing Arts, Ohman School of Ballet, and Neubert Ballet at Carnegie Hall, with artistic affiliations including Eglevsky Ballet, Connecticut Ballet, and the Dokoudovsky Conservatory of Dance.<\/h5><h5>Svetlana also teaches French, Russian, and Latin, holding degrees from the Lyc\u00e9e Fran\u00e7ais de New York and Hunter College, with graduate studies in Theater and Film at Long Island University.<\/h5><h5>VENTI PETROV is an internationally acclaimed ballet dancer,\u00a0 choreographer and ballet master. Performed across Europe and in more than 25 states throughout the U.S. He worked with renowned artists such as Suzanne Farrell (New York City Ballet) and Alexander Vetrov (Bolshoi Ballet).\u00a0 \u00a0 \u00a0 \u00a0 \u00a0 \u00a0 \u00a0 \u00a0 \u00a0 \u00a0 \u00a0 \u00a0 \u00a0 \u00a0 \u00a0<\/h5><h5>He presented his original works at the New York international Ballet Competition at Lincoln Center.<\/h5><h5>Premiered two full scale ballets &#8220;El Cid&#8221; and &#8220;Dear Nadezhda&#8221; with an all professional cast.produced 8 Ballet class CDs and ballet class DVDs featuring Oksana Maslova (principal dancer of Pennsylvania Ballet). See more on www.ventipetrov.com<\/h5><p>\u00a0<\/p>\t\t\t\t\t\t<\/div>\n\t\t\t\t<\/div>\n\t\t\t\t\t<\/div>\n\t\t<\/div>\n\t\t\t\t\t<\/div>\n\t\t<\/section>\n\t\t\t\t<section class=\"elementor-section elementor-top-section elementor-element elementor-element-f891905 elementor-section-boxed elementor-section-height-default elementor-section-height-default\" data-id=\"f891905\" data-element_type=\"section\">\n\t\t\t\t\t\t<div class=\"elementor-container elementor-column-gap-default\">\n\t\t\t\t\t<div class=\"elementor-column elementor-col-100 elementor-top-column elementor-element elementor-element-560c526\" data-id=\"560c526\" data-element_type=\"column\">\n\t\t\t<div class=\"elementor-widget-wrap elementor-element-populated\">\n\t\t\t\t\t\t\t<\/div>\n\t\t<\/div>\n\t\t\t\t\t<\/div>\n\t\t<\/section>\n\t\t\t\t<section class=\"elementor-section elementor-top-section elementor-element elementor-element-6ce1f18 elementor-section-boxed elementor-section-height-default elementor-section-height-default\" data-id=\"6ce1f18\" data-element_type=\"section\">\n\t\t\t\t\t\t<div class=\"elementor-container elementor-column-gap-default\">\n\t\t\t\t\t<div class=\"elementor-column elementor-col-100 elementor-top-column elementor-element elementor-element-ff0f0a7\" data-id=\"ff0f0a7\" data-element_type=\"column\">\n\t\t\t<div class=\"elementor-widget-wrap\">\n\t\t\t\t\t\t\t<\/div>\n\t\t<\/div>\n\t\t\t\t\t<\/div>\n\t\t<\/section>\n\t\t\t\t<section class=\"elementor-section elementor-top-section elementor-element elementor-element-deece98 elementor-section-boxed elementor-section-height-default elementor-section-height-default\" data-id=\"deece98\" data-element_type=\"section\">\n\t\t\t\t\t\t<div class=\"elementor-container elementor-column-gap-default\">\n\t\t\t\t\t<div class=\"elementor-column elementor-col-50 elementor-top-column elementor-element elementor-element-11cf94e\" data-id=\"11cf94e\" data-element_type=\"column\">\n\t\t\t<div class=\"elementor-widget-wrap elementor-element-populated\">\n\t\t\t\t\t\t\t<\/div>\n\t\t<\/div>\n\t\t\t\t<div class=\"elementor-column elementor-col-50 elementor-top-column elementor-element elementor-element-4c039e5\" data-id=\"4c039e5\" data-element_type=\"column\">\n\t\t\t<div class=\"elementor-widget-wrap elementor-element-populated\">\n\t\t\t\t\t\t\t<\/div>\n\t\t<\/div>\n\t\t\t\t\t<\/div>\n\t\t<\/section>\n\t\t\t\t<section class=\"elementor-section elementor-top-section elementor-element elementor-element-e4eb1b6 elementor-section-boxed elementor-section-height-default elementor-section-height-default\" data-id=\"e4eb1b6\" data-element_type=\"section\">\n\t\t\t\t\t\t<div class=\"elementor-container elementor-column-gap-default\">\n\t\t\t\t\t<div class=\"elementor-column elementor-col-100 elementor-top-column elementor-element elementor-element-0d40977\" data-id=\"0d40977\" data-element_type=\"column\">\n\t\t\t<div class=\"elementor-widget-wrap elementor-element-populated\">\n\t\t\t\t\t\t\t<\/div>\n\t\t<\/div>\n\t\t\t\t\t<\/div>\n\t\t<\/section>\n\t\t\t\t<section class=\"elementor-section elementor-top-section elementor-element elementor-element-ab44ba9 elementor-section-boxed elementor-section-height-default elementor-section-height-default\" data-id=\"ab44ba9\" data-element_type=\"section\">\n\t\t\t\t\t\t<div class=\"elementor-container elementor-column-gap-default\">\n\t\t\t\t\t<div class=\"elementor-column elementor-col-100 elementor-top-column elementor-element elementor-element-40767c8\" data-id=\"40767c8\" data-element_type=\"column\">\n\t\t\t<div class=\"elementor-widget-wrap elementor-element-populated\">\n\t\t\t\t\t\t\t<\/div>\n\t\t<\/div>\n\t\t\t\t\t<\/div>\n\t\t<\/section>\n\t\t\t\t<section class=\"elementor-section elementor-top-section elementor-element elementor-element-ae8697e elementor-section-boxed elementor-section-height-default elementor-section-height-default\" data-id=\"ae8697e\" data-element_type=\"section\">\n\t\t\t\t\t\t<div class=\"elementor-container elementor-column-gap-default\">\n\t\t\t\t\t<div class=\"elementor-column elementor-col-100 elementor-top-column elementor-element elementor-element-6b94759\" data-id=\"6b94759\" data-element_type=\"column\">\n\t\t\t<div class=\"elementor-widget-wrap elementor-element-populated\">\n\t\t\t\t\t\t\t<\/div>\n\t\t<\/div>\n\t\t\t\t\t<\/div>\n\t\t<\/section>\n\t\t\t\t<\/div>\n\t\t","protected":false},"excerpt":{"rendered":"<p>Welcome To Lumiere Ballet 500 W Montauk Hwy, Bay Shore NY 11706 (631)275-5990 Learn More SIGN UP DONATE Celebrating 30 years Lumiere Ballet is a Classical Ballet Training Program and Performing Company.Students from ages 4 to adult follow a graded curriculum OUR MISSION is to empower students physically, mentally and soulfully, blending discipline with a &hellip;<\/p>\n<p class=\"read-more\"> <a class=\"\" href=\"https:\/\/lumiereballet.com\/\"> <span class=\"screen-reader-text\">Home<\/span> Read More &raquo;<\/a><\/p>\n","protected":false},"author":1,"featured_media":0,"parent":0,"menu_order":0,"comment_status":"closed","ping_status":"closed","template":"elementor_theme","meta":{"footnotes":""},"class_list":["post-613","page","type-page","status-publish","hentry"],"yoast_head":"<!-- This site is optimized with the Yoast SEO Premium plugin v17.1.2 (Yoast SEO v17.1) - https:\/\/yoast.com\/wordpress\/plugins\/seo\/ -->\n<title>Home &bull; Lumiere Ballet<\/title>\n<meta name=\"robots\" content=\"index, follow, max-snippet:-1, max-image-preview:large, max-video-preview:-1\" \/>\n<link rel=\"canonical\" href=\"https:\/\/lumiereballet.com\/\" \/>\n<meta property=\"og:locale\" content=\"en_US\" \/>\n<meta property=\"og:type\" content=\"article\" \/>\n<meta property=\"og:title\" content=\"Home\" \/>\n<meta property=\"og:description\" content=\"Welcome To Lumiere Ballet 500 W Montauk Hwy, Bay Shore NY 11706 (631)275-5990 Learn More SIGN UP DONATE Celebrating 30 years Lumiere Ballet is a Classical Ballet Training Program and Performing Company.Students from ages 4 to adult follow a graded curriculum OUR MISSION is to empower students physically, mentally and soulfully, blending discipline with a &hellip; Home Read More &raquo;\" \/>\n<meta property=\"og:url\" content=\"https:\/\/lumiereballet.com\/\" \/>\n<meta property=\"og:site_name\" content=\"Lumiere Ballet\" \/>\n<meta property=\"article:publisher\" content=\"https:\/\/www.facebook.com\/lumiereballetli\" \/>\n<meta property=\"article:modified_time\" content=\"2025-08-12T22:01:18+00:00\" \/>\n<meta name=\"twitter:card\" content=\"summary_large_image\" \/>\n<meta name=\"twitter:label1\" content=\"Est. reading time\" \/>\n\t<meta name=\"twitter:data1\" content=\"1 minute\" \/>\n<script type=\"application\/ld+json\" class=\"yoast-schema-graph\">{\"@context\":\"https:\/\/schema.org\",\"@graph\":[{\"@type\":\"Organization\",\"@id\":\"https:\/\/lumiereballet.com\/#organization\",\"name\":\"Lumiere Ballet\",\"url\":\"https:\/\/lumiereballet.com\/\",\"sameAs\":[\"https:\/\/www.facebook.com\/lumiereballetli\",\"https:\/\/www.instagram.com\/lumiere.ballet\/\"],\"logo\":{\"@type\":\"ImageObject\",\"@id\":\"https:\/\/lumiereballet.com\/#logo\",\"inLanguage\":\"en-US\",\"url\":\"https:\/\/lumiereballet.com\/wp-content\/uploads\/2020\/02\/Lumiere-Logo-white-350px.png\",\"contentUrl\":\"https:\/\/lumiereballet.com\/wp-content\/uploads\/2020\/02\/Lumiere-Logo-white-350px.png\",\"width\":350,\"height\":318,\"caption\":\"Lumiere Ballet\"},\"image\":{\"@id\":\"https:\/\/lumiereballet.com\/#logo\"}},{\"@type\":\"WebSite\",\"@id\":\"https:\/\/lumiereballet.com\/#website\",\"url\":\"https:\/\/lumiereballet.com\/\",\"name\":\"Lumiere Ballet\",\"description\":\"Premier School of Ballet\",\"publisher\":{\"@id\":\"https:\/\/lumiereballet.com\/#organization\"},\"potentialAction\":[{\"@type\":\"SearchAction\",\"target\":{\"@type\":\"EntryPoint\",\"urlTemplate\":\"https:\/\/lumiereballet.com\/?s={search_term_string}\"},\"query-input\":\"required name=search_term_string\"}],\"inLanguage\":\"en-US\"},{\"@type\":\"WebPage\",\"@id\":\"https:\/\/lumiereballet.com\/#webpage\",\"url\":\"https:\/\/lumiereballet.com\/\",\"name\":\"Home &bull; Lumiere Ballet\",\"isPartOf\":{\"@id\":\"https:\/\/lumiereballet.com\/#website\"},\"datePublished\":\"2018-11-26T12:45:27+00:00\",\"dateModified\":\"2025-08-12T22:01:18+00:00\",\"breadcrumb\":{\"@id\":\"https:\/\/lumiereballet.com\/#breadcrumb\"},\"inLanguage\":\"en-US\",\"potentialAction\":[{\"@type\":\"ReadAction\",\"target\":[\"https:\/\/lumiereballet.com\/\"]}]},{\"@type\":\"BreadcrumbList\",\"@id\":\"https:\/\/lumiereballet.com\/#breadcrumb\",\"itemListElement\":[{\"@type\":\"ListItem\",\"position\":1,\"name\":\"Home\",\"item\":\"https:\/\/lumiereballet.com\/\"},{\"@type\":\"ListItem\",\"position\":2,\"name\":\"Home\"}]}]}<\/script>\n<!-- \/ Yoast SEO Premium plugin. -->","yoast_head_json":{"title":"Home &bull; Lumiere Ballet","robots":{"index":"index","follow":"follow","max-snippet":"max-snippet:-1","max-image-preview":"max-image-preview:large","max-video-preview":"max-video-preview:-1"},"canonical":"https:\/\/lumiereballet.com\/","og_locale":"en_US","og_type":"article","og_title":"Home","og_description":"Welcome To Lumiere Ballet 500 W Montauk Hwy, Bay Shore NY 11706 (631)275-5990 Learn More SIGN UP DONATE Celebrating 30 years Lumiere Ballet is a Classical Ballet Training Program and Performing Company.Students from ages 4 to adult follow a graded curriculum OUR MISSION is to empower students physically, mentally and soulfully, blending discipline with a &hellip; Home Read More &raquo;","og_url":"https:\/\/lumiereballet.com\/","og_site_name":"Lumiere Ballet","article_publisher":"https:\/\/www.facebook.com\/lumiereballetli","article_modified_time":"2025-08-12T22:01:18+00:00","twitter_card":"summary_large_image","twitter_misc":{"Est. reading time":"1 minute"},"schema":{"@context":"https:\/\/schema.org","@graph":[{"@type":"Organization","@id":"https:\/\/lumiereballet.com\/#organization","name":"Lumiere Ballet","url":"https:\/\/lumiereballet.com\/","sameAs":["https:\/\/www.facebook.com\/lumiereballetli","https:\/\/www.instagram.com\/lumiere.ballet\/"],"logo":{"@type":"ImageObject","@id":"https:\/\/lumiereballet.com\/#logo","inLanguage":"en-US","url":"https:\/\/lumiereballet.com\/wp-content\/uploads\/2020\/02\/Lumiere-Logo-white-350px.png","contentUrl":"https:\/\/lumiereballet.com\/wp-content\/uploads\/2020\/02\/Lumiere-Logo-white-350px.png","width":350,"height":318,"caption":"Lumiere Ballet"},"image":{"@id":"https:\/\/lumiereballet.com\/#logo"}},{"@type":"WebSite","@id":"https:\/\/lumiereballet.com\/#website","url":"https:\/\/lumiereballet.com\/","name":"Lumiere Ballet","description":"Premier School of Ballet","publisher":{"@id":"https:\/\/lumiereballet.com\/#organization"},"potentialAction":[{"@type":"SearchAction","target":{"@type":"EntryPoint","urlTemplate":"https:\/\/lumiereballet.com\/?s={search_term_string}"},"query-input":"required name=search_term_string"}],"inLanguage":"en-US"},{"@type":"WebPage","@id":"https:\/\/lumiereballet.com\/#webpage","url":"https:\/\/lumiereballet.com\/","name":"Home &bull; Lumiere Ballet","isPartOf":{"@id":"https:\/\/lumiereballet.com\/#website"},"datePublished":"2018-11-26T12:45:27+00:00","dateModified":"2025-08-12T22:01:18+00:00","breadcrumb":{"@id":"https:\/\/lumiereballet.com\/#breadcrumb"},"inLanguage":"en-US","potentialAction":[{"@type":"ReadAction","target":["https:\/\/lumiereballet.com\/"]}]},{"@type":"BreadcrumbList","@id":"https:\/\/lumiereballet.com\/#breadcrumb","itemListElement":[{"@type":"ListItem","position":1,"name":"Home","item":"https:\/\/lumiereballet.com\/"},{"@type":"ListItem","position":2,"name":"Home"}]}]}},"_links":{"self":[{"href":"https:\/\/lumiereballet.com\/index.php?rest_route=\/wp\/v2\/pages\/613"}],"collection":[{"href":"https:\/\/lumiereballet.com\/index.php?rest_route=\/wp\/v2\/pages"}],"about":[{"href":"https:\/\/lumiereballet.com\/index.php?rest_route=\/wp\/v2\/types\/page"}],"author":[{"embeddable":true,"href":"https:\/\/lumiereballet.com\/index.php?rest_route=\/wp\/v2\/users\/1"}],"replies":[{"embeddable":true,"href":"https:\/\/lumiereballet.com\/index.php?rest_route=%2Fwp%2Fv2%2Fcomments&post=613"}],"version-history":[{"count":224,"href":"https:\/\/lumiereballet.com\/index.php?rest_route=\/wp\/v2\/pages\/613\/revisions"}],"predecessor-version":[{"id":1608,"href":"https:\/\/lumiereballet.com\/index.php?rest_route=\/wp\/v2\/pages\/613\/revisions\/1608"}],"wp:attachment":[{"href":"https:\/\/lumiereballet.com\/index.php?rest_route=%2Fwp%2Fv2%2Fmedia&parent=613"}],"curies":[{"name":"wp","href":"https:\/\/api.w.org\/{rel}","templated":true}]}}